{"id":141,"date":"2025-12-03T15:59:10","date_gmt":"2025-12-03T15:59:10","guid":{"rendered":"https:\/\/www.saloncampingcarcaen.com\/?page_id=141"},"modified":"2025-12-03T16:03:31","modified_gmt":"2025-12-03T16:03:31","slug":"mentions-legales","status":"publish","type":"page","link":"https:\/\/www.saloncampingcarcaen.com\/index.php\/mentions-legales\/","title":{"rendered":"Mentions l\u00e9gales"},"content":{"rendered":"\n<h3 class=\"wp-block-heading\"><strong>\u00c9diteur du site<\/strong><\/h3>\n\n\n\n<p>Le site <strong>Salon du Camping-Car de Caen<\/strong> est \u00e9dit\u00e9 par :<br><strong>ADVL \u2013 Association D\u00e9veloppement V\u00e9hicule Loisir<\/strong><br>Adresse : 103 Rue du G\u00e9n\u00e9ral Leclerc, 14790 Verson, France<br>SIREN : 393 367 875<br>SIRET : 393 367 875 00019<br>Email : contact@saloncampingcarcaen.com<br>T\u00e9l\u00e9phone : 0235798450<\/p>\n\n\n\n<h3 class=\"wp-block-heading\"><strong>Directeur de la publication<\/strong><\/h3>\n\n\n\n<p><strong>ADVL \u2013 Association D\u00e9veloppement V\u00e9hicule Loisir<\/strong><\/p>\n\n\n\n<h3 class=\"wp-block-heading\"><strong>H\u00e9bergement<\/strong><\/h3>\n\n\n\n<p>Le site est h\u00e9berg\u00e9 par :<br><strong>OVH<\/strong><br>Adresse : 2 rue Kellermann \u2013 59100 Roubaix \u2013 France<br>Site web : https:\/\/www.ovh.com<\/p>\n\n\n\n<hr class=\"wp-block-separator has-alpha-channel-opacity\"\/>\n\n\n\n<h3 class=\"wp-block-heading\"><strong>Collecte et traitement des donn\u00e9es personnelles<\/strong><\/h3>\n\n\n\n<p>Nous collectons des donn\u00e9es personnelles via notre formulaire (nom, pr\u00e9nom, email, etc.) afin de :<\/p>\n\n\n\n<ul class=\"wp-block-list\">\n<li>Vous adresser des <strong>entr\u00e9es gratuites<\/strong> pour le Salon du Camping-Car de Caen<\/li>\n\n\n\n<li>Vous inviter \u00e0 <strong>de futures op\u00e9rations commerciales<\/strong> li\u00e9es \u00e0 nos \u00e9v\u00e9nements<\/li>\n<\/ul>\n\n\n\n<p><strong>Base l\u00e9gale<\/strong> : votre consentement (RGPD).<br>Dur\u00e9e de conservation : <strong>3 ans<\/strong> \u00e0 compter de votre dernier contact.<br>Vos donn\u00e9es ne sont jamais transmises \u00e0 des tiers sans votre accord.<\/p>\n\n\n\n<hr class=\"wp-block-separator has-alpha-channel-opacity\"\/>\n\n\n\n<h3 class=\"wp-block-heading\"><strong>Vos droits<\/strong><\/h3>\n\n\n\n<p>Conform\u00e9ment au RGPD, vous disposez des droits suivants :<\/p>\n\n\n\n<ul class=\"wp-block-list\">\n<li>Acc\u00e8s, rectification, suppression<\/li>\n\n\n\n<li>Opposition au traitement<\/li>\n<\/ul>\n\n\n\n<p>Pour exercer vos droits :<br><strong>Email : contact@saloncampingcarcaen.com<\/strong><br>Vous pouvez \u00e9galement saisir la <strong>CNIL<\/strong> (www.cnil.fr).<\/p>\n\n\n\n<hr class=\"wp-block-separator has-alpha-channel-opacity\"\/>\n\n\n\n<h3 class=\"wp-block-heading\"><strong>Cookies<\/strong><\/h3>\n\n\n\n<p>Le site utilise des cookies pour am\u00e9liorer votre exp\u00e9rience et mesurer l\u2019audience. Vous pouvez les g\u00e9rer via votre navigateur.<\/p>\n\n\n\n<hr class=\"wp-block-separator has-alpha-channel-opacity\"\/>\n\n\n\n<h3 class=\"wp-block-heading\"><strong>Propri\u00e9t\u00e9 intellectuelle<\/strong><\/h3>\n\n\n\n<p>Tous les contenus pr\u00e9sents sur ce site (textes, images, logos) sont la propri\u00e9t\u00e9 de l\u2019Association ADVL ou de ses partenaires. Toute reproduction est interdite sans autorisation.<\/p>\n\n\n\n<div class=\"wp-block-columns alignfull are-vertically-aligned-center is-not-stacked-on-mobile has-background is-layout-flex wp-container-core-columns-is-layout-759e85f6 wp-block-columns-is-layout-flex\" style=\"background-color:#f9f9f9;margin-top:0;margin-bottom:0;padding-top:0;padding-bottom:0\">\n<div class=\"wp-block-column is-layout-flow wp-block-column-is-layout-flow\"><div class=\"wp-block-image\">\n<figure class=\"aligncenter size-full is-resized\"><img loading=\"lazy\" decoding=\"async\" width=\"1000\" height=\"1000\" src=\"https:\/\/www.saloncampingcarcaen.com\/wp-content\/uploads\/2025\/12\/Logo-salon-caen.png\" alt=\"salon camping car de caen\" class=\"wp-image-31\" style=\"width:191px;height:auto\" srcset=\"https:\/\/www.saloncampingcarcaen.com\/wp-content\/uploads\/2025\/12\/Logo-salon-caen.png 1000w, https:\/\/www.saloncampingcarcaen.com\/wp-content\/uploads\/2025\/12\/Logo-salon-caen-300x300.png 300w, https:\/\/www.saloncampingcarcaen.com\/wp-content\/uploads\/2025\/12\/Logo-salon-caen-150x150.png 150w, https:\/\/www.saloncampingcarcaen.com\/wp-content\/uploads\/2025\/12\/Logo-salon-caen-768x768.png 768w\" sizes=\"auto, (max-width: 1000px) 100vw, 1000px\" \/><\/figure>\n<\/div><\/div>\n\n\n\n<div class=\"wp-block-column is-vertically-aligned-center is-layout-flow wp-block-column-is-layout-flow\">\n<p class=\"has-text-align-center\">2025 ADVL. Tous droits r\u00e9serv\u00e9s<\/p>\n<\/div>\n\n\n\n<div class=\"wp-block-column is-vertically-aligned-center is-layout-flow wp-block-column-is-layout-flow\">\n<p class=\"has-text-align-left\"><a href=\"https:\/\/www.saloncampingcarcaen.com\/index.php\/mentions-legales\/\" data-type=\"page\" data-id=\"141\">Mentions l\u00e9gales<\/a><\/p>\n\n\n\n<p class=\"has-text-align-left\"><a href=\"https:\/\/www.saloncampingcarcaen.com\/index.php\/politique-de-confidentialite\/\" data-type=\"page\" data-id=\"143\">Politique de confidentialit\u00e9<\/a><\/p>\n<\/div>\n<\/div>\n","protected":false},"excerpt":{"rendered":"<p>\u00c9diteur du site Le site Salon du Camping-Car de Caen est \u00e9dit\u00e9 par :ADVL \u2013 Association D\u00e9veloppement V\u00e9hicule LoisirAdresse : 103 Rue du G\u00e9n\u00e9ral Leclerc, 14790 Verson, FranceSIREN : 393 367 875SIRET : 393 367 875 00019Email : contact@saloncampingcarcaen.comT\u00e9l\u00e9phone : 0235798450 Directeur de la publication ADVL \u2013 Association D\u00e9veloppement V\u00e9hicule Loisir H\u00e9bergement Le site est&#8230;<\/p>\n","protected":false},"author":1,"featured_media":0,"parent":0,"menu_order":0,"comment_status":"closed","ping_status":"closed","template":"","meta":{"_kad_post_transparent":"","_kad_post_title":"","_kad_post_layout":"","_kad_post_sidebar_id":"","_kad_post_content_style":"","_kad_post_vertical_padding":"","_kad_post_feature":"","_kad_post_feature_position":"","_kad_post_header":false,"_kad_post_footer":false,"_kad_post_classname":"","footnotes":""},"class_list":["post-141","page","type-page","status-publish","hentry"],"_links":{"self":[{"href":"https:\/\/www.saloncampingcarcaen.com\/index.php\/wp-json\/wp\/v2\/pages\/141","targetHints":{"allow":["GET"]}}],"collection":[{"href":"https:\/\/www.saloncampingcarcaen.com\/index.php\/wp-json\/wp\/v2\/pages"}],"about":[{"href":"https:\/\/www.saloncampingcarcaen.com\/index.php\/wp-json\/wp\/v2\/types\/page"}],"author":[{"embeddable":true,"href":"https:\/\/www.saloncampingcarcaen.com\/index.php\/wp-json\/wp\/v2\/users\/1"}],"replies":[{"embeddable":true,"href":"https:\/\/www.saloncampingcarcaen.com\/index.php\/wp-json\/wp\/v2\/comments?post=141"}],"version-history":[{"count":2,"href":"https:\/\/www.saloncampingcarcaen.com\/index.php\/wp-json\/wp\/v2\/pages\/141\/revisions"}],"predecessor-version":[{"id":150,"href":"https:\/\/www.saloncampingcarcaen.com\/index.php\/wp-json\/wp\/v2\/pages\/141\/revisions\/150"}],"wp:attachment":[{"href":"https:\/\/www.saloncampingcarcaen.com\/index.php\/wp-json\/wp\/v2\/media?parent=141"}],"curies":[{"name":"wp","href":"https:\/\/api.w.org\/{rel}","templated":true}]}}