{"id":143,"date":"2025-12-03T16:00:52","date_gmt":"2025-12-03T16:00:52","guid":{"rendered":"https:\/\/www.saloncampingcarcaen.com\/?page_id=143"},"modified":"2025-12-03T16:03:55","modified_gmt":"2025-12-03T16:03:55","slug":"politique-de-confidentialite","status":"publish","type":"page","link":"https:\/\/www.saloncampingcarcaen.com\/index.php\/politique-de-confidentialite\/","title":{"rendered":"Politique de confidentialit\u00e9"},"content":{"rendered":"\n<h3 class=\"wp-block-heading\"><strong>1. Responsable du traitement<\/strong><\/h3>\n\n\n\n<p>Le site <strong>Salon du Camping-Car de Caen<\/strong> est \u00e9dit\u00e9 par :<br><strong>ADVL \u2013 Association D\u00e9veloppement V\u00e9hicule Loisir<\/strong><br>Adresse : 103 Rue du G\u00e9n\u00e9ral Leclerc, 14790 Verson, France<br>Email : contact@saloncampingcarcaen.com<\/p>\n\n\n\n<hr class=\"wp-block-separator has-alpha-channel-opacity\"\/>\n\n\n\n<h3 class=\"wp-block-heading\"><strong>2. Donn\u00e9es collect\u00e9es<\/strong><\/h3>\n\n\n\n<p>Nous collectons les informations suivantes via notre formulaire :<\/p>\n\n\n\n<ul class=\"wp-block-list\">\n<li>Nom, pr\u00e9nom<\/li>\n\n\n\n<li>Adresse email<\/li>\n\n\n\n<li>(Optionnel) T\u00e9l\u00e9phone<\/li>\n<\/ul>\n\n\n\n<p>Ces donn\u00e9es sont n\u00e9cessaires pour :<\/p>\n\n\n\n<ul class=\"wp-block-list\">\n<li>Vous envoyer des <strong>entr\u00e9es gratuites<\/strong> pour le salon<\/li>\n\n\n\n<li>Vous informer de <strong>futures op\u00e9rations commerciales<\/strong><\/li>\n<\/ul>\n\n\n\n<hr class=\"wp-block-separator has-alpha-channel-opacity\"\/>\n\n\n\n<h3 class=\"wp-block-heading\"><strong>3. Finalit\u00e9s du traitement<\/strong><\/h3>\n\n\n\n<p>Vos donn\u00e9es sont utilis\u00e9es exclusivement pour :<\/p>\n\n\n\n<ul class=\"wp-block-list\">\n<li>La gestion des invitations et entr\u00e9es gratuites<\/li>\n\n\n\n<li>L\u2019envoi d\u2019informations commerciales li\u00e9es \u00e0 nos \u00e9v\u00e9nements<\/li>\n<\/ul>\n\n\n\n<hr class=\"wp-block-separator has-alpha-channel-opacity\"\/>\n\n\n\n<h3 class=\"wp-block-heading\"><strong>4. Base l\u00e9gale<\/strong><\/h3>\n\n\n\n<p>Le traitement repose sur votre <strong>consentement<\/strong>, conform\u00e9ment au RGPD.<\/p>\n\n\n\n<hr class=\"wp-block-separator has-alpha-channel-opacity\"\/>\n\n\n\n<h3 class=\"wp-block-heading\"><strong>5. Dur\u00e9e de conservation<\/strong><\/h3>\n\n\n\n<p>Vos donn\u00e9es sont conserv\u00e9es pendant <strong>3 ans<\/strong> \u00e0 compter de votre dernier contact.<\/p>\n\n\n\n<hr class=\"wp-block-separator has-alpha-channel-opacity\"\/>\n\n\n\n<h3 class=\"wp-block-heading\"><strong>6. Partage des donn\u00e9es<\/strong><\/h3>\n\n\n\n<p>Vos donn\u00e9es ne sont <strong>jamais transmises \u00e0 des tiers<\/strong> sans votre accord.<\/p>\n\n\n\n<hr class=\"wp-block-separator has-alpha-channel-opacity\"\/>\n\n\n\n<h3 class=\"wp-block-heading\"><strong>7. S\u00e9curit\u00e9<\/strong><\/h3>\n\n\n\n<p>Nous mettons en \u0153uvre des mesures techniques et organisationnelles pour prot\u00e9ger vos donn\u00e9es contre tout acc\u00e8s non autoris\u00e9, perte ou divulgation.<\/p>\n\n\n\n<hr class=\"wp-block-separator has-alpha-channel-opacity\"\/>\n\n\n\n<h3 class=\"wp-block-heading\"><strong>8. Vos droits<\/strong><\/h3>\n\n\n\n<p>Conform\u00e9ment au RGPD, vous disposez des droits suivants :<\/p>\n\n\n\n<ul class=\"wp-block-list\">\n<li><strong>Acc\u00e8s<\/strong> \u00e0 vos donn\u00e9es<\/li>\n\n\n\n<li><strong>Rectification<\/strong><\/li>\n\n\n\n<li><strong>Suppression<\/strong> (droit \u00e0 l\u2019oubli)<\/li>\n\n\n\n<li><strong>Opposition<\/strong> au traitement<\/li>\n\n\n\n<li><strong>Portabilit\u00e9<\/strong><\/li>\n<\/ul>\n\n\n\n<p>Pour exercer vos droits :<br><strong>Email : contact@saloncampingcarcaen.com<\/strong><br>Ou par courrier \u00e0 :<br><strong>ADVL \u2013 103 Rue du G\u00e9n\u00e9ral Leclerc, 14790 Verson, France<\/strong><\/p>\n\n\n\n<p>Vous pouvez \u00e9galement saisir la <strong>CNIL<\/strong> (www.cnil.fr).<\/p>\n\n\n\n<hr class=\"wp-block-separator has-alpha-channel-opacity\"\/>\n\n\n\n<h3 class=\"wp-block-heading\"><strong>9. Cookies<\/strong><\/h3>\n\n\n\n<p>Le site utilise des cookies pour am\u00e9liorer votre exp\u00e9rience et mesurer l\u2019audience. Vous pouvez les d\u00e9sactiver via les param\u00e8tres de votre navigateur.<\/p>\n\n\n\n<div class=\"wp-block-columns alignfull are-vertically-aligned-center is-not-stacked-on-mobile has-background is-layout-flex wp-container-core-columns-is-layout-759e85f6 wp-block-columns-is-layout-flex\" style=\"background-color:#f9f9f9;margin-top:0;margin-bottom:0;padding-top:0;padding-bottom:0\">\n<div class=\"wp-block-column is-layout-flow wp-block-column-is-layout-flow\"><div class=\"wp-block-image\">\n<figure class=\"aligncenter size-full is-resized\"><img loading=\"lazy\" decoding=\"async\" width=\"1000\" height=\"1000\" src=\"https:\/\/www.saloncampingcarcaen.com\/wp-content\/uploads\/2025\/12\/Logo-salon-caen.png\" alt=\"salon camping car de caen\" class=\"wp-image-31\" style=\"width:191px;height:auto\" srcset=\"https:\/\/www.saloncampingcarcaen.com\/wp-content\/uploads\/2025\/12\/Logo-salon-caen.png 1000w, https:\/\/www.saloncampingcarcaen.com\/wp-content\/uploads\/2025\/12\/Logo-salon-caen-300x300.png 300w, https:\/\/www.saloncampingcarcaen.com\/wp-content\/uploads\/2025\/12\/Logo-salon-caen-150x150.png 150w, https:\/\/www.saloncampingcarcaen.com\/wp-content\/uploads\/2025\/12\/Logo-salon-caen-768x768.png 768w\" sizes=\"auto, (max-width: 1000px) 100vw, 1000px\" \/><\/figure>\n<\/div><\/div>\n\n\n\n<div class=\"wp-block-column is-vertically-aligned-center is-layout-flow wp-block-column-is-layout-flow\">\n<p class=\"has-text-align-center\">2025 ADVL. Tous droits r\u00e9serv\u00e9s<\/p>\n<\/div>\n\n\n\n<div class=\"wp-block-column is-vertically-aligned-center is-layout-flow wp-block-column-is-layout-flow\">\n<p class=\"has-text-align-left\"><a href=\"https:\/\/www.saloncampingcarcaen.com\/index.php\/mentions-legales\/\" data-type=\"page\" data-id=\"141\">Mentions l\u00e9gales<\/a><\/p>\n\n\n\n<p class=\"has-text-align-left\"><a href=\"https:\/\/www.saloncampingcarcaen.com\/index.php\/politique-de-confidentialite\/\" data-type=\"page\" data-id=\"143\">Politique de confidentialit\u00e9<\/a><\/p>\n<\/div>\n<\/div>\n","protected":false},"excerpt":{"rendered":"<p>1. Responsable du traitement Le site Salon du Camping-Car de Caen est \u00e9dit\u00e9 par :ADVL \u2013 Association D\u00e9veloppement V\u00e9hicule LoisirAdresse : 103 Rue du G\u00e9n\u00e9ral Leclerc, 14790 Verson, FranceEmail : contact@saloncampingcarcaen.com 2. Donn\u00e9es collect\u00e9es Nous collectons les informations suivantes via notre formulaire : Ces donn\u00e9es sont n\u00e9cessaires pour : 3. Finalit\u00e9s du traitement Vos donn\u00e9es&#8230;<\/p>\n","protected":false},"author":1,"featured_media":0,"parent":0,"menu_order":0,"comment_status":"closed","ping_status":"closed","template":"","meta":{"_kad_post_transparent":"","_kad_post_title":"","_kad_post_layout":"","_kad_post_sidebar_id":"","_kad_post_content_style":"","_kad_post_vertical_padding":"","_kad_post_feature":"","_kad_post_feature_position":"","_kad_post_header":false,"_kad_post_footer":false,"_kad_post_classname":"","footnotes":""},"class_list":["post-143","page","type-page","status-publish","hentry"],"_links":{"self":[{"href":"https:\/\/www.saloncampingcarcaen.com\/index.php\/wp-json\/wp\/v2\/pages\/143","targetHints":{"allow":["GET"]}}],"collection":[{"href":"https:\/\/www.saloncampingcarcaen.com\/index.php\/wp-json\/wp\/v2\/pages"}],"about":[{"href":"https:\/\/www.saloncampingcarcaen.com\/index.php\/wp-json\/wp\/v2\/types\/page"}],"author":[{"embeddable":true,"href":"https:\/\/www.saloncampingcarcaen.com\/index.php\/wp-json\/wp\/v2\/users\/1"}],"replies":[{"embeddable":true,"href":"https:\/\/www.saloncampingcarcaen.com\/index.php\/wp-json\/wp\/v2\/comments?post=143"}],"version-history":[{"count":2,"href":"https:\/\/www.saloncampingcarcaen.com\/index.php\/wp-json\/wp\/v2\/pages\/143\/revisions"}],"predecessor-version":[{"id":152,"href":"https:\/\/www.saloncampingcarcaen.com\/index.php\/wp-json\/wp\/v2\/pages\/143\/revisions\/152"}],"wp:attachment":[{"href":"https:\/\/www.saloncampingcarcaen.com\/index.php\/wp-json\/wp\/v2\/media?parent=143"}],"curies":[{"name":"wp","href":"https:\/\/api.w.org\/{rel}","templated":true}]}}